{"id":498,"date":"2016-12-29T13:14:10","date_gmt":"2016-12-29T12:14:10","guid":{"rendered":"http:\/\/www.hodowlaweglewski.pl\/n\/?page_id=498"},"modified":"2017-01-12T13:35:43","modified_gmt":"2017-01-12T12:35:43","slug":"samce-lotowe","status":"publish","type":"page","link":"https:\/\/hodowlaweglewski.pl\/n\/samce-lotowe\/","title":{"rendered":"SAMCE LOTOWE"},"content":{"rendered":"<p><a href=\"http:\/\/hodowlaweglewski.pl\/uploads\/gallery_13\/pl-0227-12-842.png\" target=\"_blank\"><img decoding=\"async\" class=\"aligncenter\" src=\"http:\/\/hodowlaweglewski.pl\/uploads\/gallery_13\/pl-0227-12-842.png\" width=\"70%\" height=\"70%\"><\/a><\/p>\n<div style=\"text-align: left;\"><span style=\"font-size: medium;\"><span style=\"color: #000099;\"><span style=\"color: #ff0000;\"><span style=\"color: #666666;\"><span style=\"font-weight: bold;\">OSI\u0104GNI\u0118CIA<\/span><\/span><\/span><\/span><\/span><\/div>\n<ul style=\"text-align: left; margin-left: 40px;\">\n<li><span style=\"font-size: medium;\"><span style=\"color: #000099;\"><span style=\"color: #ff0000;\">Najlepszy lotnik oddzia\u0142u Kat. M 17,66coef. &#8211; 2015r.<\/span><\/span><\/span><\/li>\n<li><span style=\"font-size: medium;\"><span style=\"color: #000099;\"><span style=\"color: #ff0000;\">Najlepszy lotnik okr\u0119gu \u0141\u00f3d\u017a Kat.H 42,61coef. &#8211; 2015r.<\/span><\/span><\/span><\/li>\n<li><span style=\"font-size: medium;\"><span style=\"color: #000099;\"><span style=\"color: #ff0000;\">I nagroda za standard na wystawie okr\u0119gowej. &#8211; 2015r.<\/span><\/span><\/span><\/li>\n<li><span style=\"font-size: medium;\"><span style=\"color: #000099;\"><span style=\"color: #ff0000;\">Wystawa og\u00f3lnopolska w Sosnowcu: 20 As Polski Kat. H 42,61 coef. &#8211; 2015r.<\/span><\/span><\/span><\/li>\n<\/ul>\n<p style=\"text-align: left;\"><span style=\"font-size: medium;\"><span style=\"color: #000099;\"><span style=\"color: #ff0000;\"><span style=\"color: #666666;\"><span style=\"font-weight: bold;\">CZO\u0141OWE KONKURSY<\/span><\/span><\/span><\/span><\/span><\/p>\n<p style=\"text-align: left; margin-left: 40px;\"><span style=\"font-size: medium;\"><span style=\"color: #000099;\"><span style=\"color: #ff0000;\">1e &#8211; 2206 go\u0142\u0119bi \/ 319 km<\/span><\/span><\/span><\/p>\n<p style=\"text-align: left; margin-left: 40px;\"><span style=\"color: #ff0000;\"><span style=\"font-size: medium;\">3e &#8211; 3222 go\u0142\u0119bi \/ 335 km<\/span><\/span><\/p>\n<p style=\"text-align: left; margin-left: 40px;\"><span style=\"color: #ff0000;\"><span style=\"font-size: medium;\">4e &#8211; 2944 go\u0142\u0119bie \/ 151km<\/span><\/span><\/p>\n<p style=\"text-align: left; margin-left: 40px;\"><span style=\"color: #ff0000;\"><span style=\"font-size: medium;\">5e &#8211; 875 go\u0142\u0119bi \/ 756 km<\/span><\/span><\/p>\n<p style=\"text-align: left; margin-left: 40px;\"><span style=\"color: #ff0000;\"><span style=\"font-size: medium;\">5e &#8211; 966 go\u0142\u0119bi \/ 354 km<\/span><\/span><\/p>\n<p style=\"text-align: left; margin-left: 40px;\"><span style=\"color: #ff0000;\"><span style=\"font-size: medium;\">6e &#8211; 3159 go\u0142\u0119bi (okr.) \/ 767 km<\/span><\/span><\/p>\n<p style=\"text-align: left; margin-left: 40px;\"><span style=\"color: #ff0000;\"><span style=\"font-size: medium;\">16e &#8211; 1015 go\u0142\u0119bi \/ 767 km<\/span><\/span><\/p>\n<hr>\n<p><a href=\"http:\/\/hodowlaweglewski.pl\/uploads\/gallery_12\/pl-0227-08-6528.jpg\" target=\"_blank\"><img decoding=\"async\" class=\"aligncenter\" src=\"http:\/\/hodowlaweglewski.pl\/uploads\/gallery_12\/pl-0227-08-6528.jpg\" width=\"70%\" height=\"70%\"><\/a><\/p>\n<div style=\"text-align: left;\">\n<p><span style=\"font-size: medium;\"><span style=\"color: #000099;\"><span style=\"color: #ff0000;\"><span style=\"color: #666666;\"><span style=\"font-weight: bold;\">OSI\u0104GNI\u0118CIA<br \/>\n<\/span><\/span><\/span><\/span><\/span><\/p>\n<ul style=\"margin-left: 40px;\">\n<li><span style=\"font-size: medium;\"><span style=\"color: #000099;\"><span style=\"color: #ff0000;\"><span style=\"color: #666666;\">Najlepszy lotnik okr\u0119gu Kat. M 8,7coef. &#8211;&nbsp; 2010r.<\/span><\/span><\/span><\/span><\/li>\n<li><span style=\"font-size: medium;\"><span style=\"color: #000099;\"><span style=\"color: #ff0000;\"><span style=\"color: #666666;\">11 Champion Regionu I &#8211; 2010r.<\/span><\/span><\/span><\/span><\/li>\n<li><span style=\"font-size: medium;\"><span style=\"color: #000099;\"><span style=\"color: #ff0000;\"><span style=\"color: #666666;\">10 lotnik oddzia\u0142u Kat. Doros\u0142e Samce &#8211; 2014r.<\/span><\/span><\/span><\/span><\/li>\n<\/ul>\n<p><span style=\"font-size: medium;\"><span style=\"color: #000099;\"><span style=\"color: #ff0000;\"><span style=\"color: #666666;\"><span style=\"font-weight: bold;\">CZO\u0141OWE KONKURSY<\/span><\/span><\/span><\/span><\/span><\/p>\n<p style=\"margin-left: 40px;\"><span style=\"font-size: medium;\"><span style=\"color: #000099;\"><span style=\"color: #ff0000;\"><span style=\"color: #666666;\"><span style=\"font-family: Arial;\">2e \/ 906 go\u0142\u0119bi &#8211; 751 km<\/span><\/span><\/span><\/span><\/span><\/p>\n<p style=\"margin-left: 40px;\"><span style=\"font-size: medium;\"><span style=\"color: #000099;\"><span style=\"color: #ff0000;\"><span style=\"color: #666666;\"><span style=\"font-family: Arial;\">3e \/ 891 go\u0142\u0119bi &#8211; 751 km<\/span><\/span><\/span><\/span><\/span><\/p>\n<p style=\"margin-left: 40px;\"><span style=\"font-size: medium;\"><span style=\"color: #000099;\"><span style=\"color: #ff0000;\"><span style=\"color: #666666;\"><span style=\"font-family: Arial;\">4e \/ 1240 go\u0142\u0119bi &#8211; 336 km<\/span><\/span><\/span><\/span><\/span><\/p>\n<p style=\"margin-left: 40px;\"><span style=\"font-size: medium;\"><span style=\"color: #000099;\"><span style=\"color: #ff0000;\"><span style=\"color: #666666;\"><span style=\"font-family: Arial;\">8e \/ 4210 go\u0142\u0119bi &#8211; 756 km<\/span><\/span><\/span><\/span><\/span><\/p>\n<p style=\"margin-left: 40px;\"><span style=\"font-size: medium;\"><span style=\"color: #000099;\"><span style=\"color: #ff0000;\"><span style=\"color: #666666;\"><span style=\"font-family: Arial;\">14e \/ 2944 go\u0142\u0119bie &#8211; 151 km<\/span><\/span><\/span><\/span><\/span><\/p>\n<p style=\"margin-left: 40px;\"><span style=\"font-size: medium;\"><span style=\"color: #000099;\"><span style=\"color: #ff0000;\"><span style=\"color: #666666;\"><span style=\"font-family: Arial;\">82e \/ 1392 go\u0142\u0119bie &#8211; 756 km<\/span><\/span><\/span><\/span><\/span><\/p>\n<\/div>\n<!-- Begin Yuzo --><div class='yuzo_related_post style-1'  data-version='5.12.70'><div class='yuzo_clearfixed yuzo__title yuzo__title'><h3>Related Post<\/h3><\/div>\n\t\t\t\t\t\t  <div class=\"relatedthumb \" style=\"width:125px;float:left;overflow:hidden;\">  \n\t\t\t\t\t\t\t  \n\t\t\t\t\t\t\t  <a  href=\"https:\/\/hodowlaweglewski.pl\/n\/podsumowanie-sezonu-lotow-golebi-doroslych\/\"  >\n\t\t\t\t\t\t\t\t\t  <div class=\"yuzo-img-wrap \" style=\"width: 125px;height:90px;\">\n\t\t\t\t\t\t\t\t\t\t\n\t\t\t\t\t\t\t\t\t\t<div class=\"yuzo-img\" style=\"background:url('https:\/\/hodowlaweglewski.pl\/n\/wp-content\/uploads\/2017\/01\/kweglewski_1-150x150.jpg') 50% 50% no-repeat;width: 125px;height:90px;margin-bottom: 5px;background-size: cover; \"><\/div>\n\t\t\t\t\t\t\t\t\t  <\/div>\n\t\t\t\t\t\t\t\t\t  \n\t\t\t\t\t\t\t\t   <span class=\"yuzo__text--title\" style=\"font-size:13px;\">Podsumowanie sezonu lot\u00f3w go\u0142\u0119bi doros\u0142ych 2017...<\/span>\n\t\t\t\t\t\t\t  \n\t\t\t\t\t\t\t  \n\t\t\t\t\t\t\t  <\/a>\n\n\t\t\t\t\t\t  <\/div>\n\t\t\t\t\t\t  <div class=\"relatedthumb \" style=\"width:125px;float:left;overflow:hidden;\">  \n\t\t\t\t\t\t\t  \n\t\t\t\t\t\t\t  <a  href=\"https:\/\/hodowlaweglewski.pl\/n\/reaktywacja-hodowli\/\"  >\n\t\t\t\t\t\t\t\t\t  <div class=\"yuzo-img-wrap \" style=\"width: 125px;height:90px;\">\n\t\t\t\t\t\t\t\t\t\t\n\t\t\t\t\t\t\t\t\t\t<div class=\"yuzo-img\" style=\"background:url('https:\/\/hodowlaweglewski.pl\/n\/wp-content\/uploads\/2023\/02\/IMG_0595-1-150x150.jpeg') 50% 50% no-repeat;width: 125px;height:90px;margin-bottom: 5px;background-size: cover; \"><\/div>\n\t\t\t\t\t\t\t\t\t  <\/div>\n\t\t\t\t\t\t\t\t\t  \n\t\t\t\t\t\t\t\t   <span class=\"yuzo__text--title\" style=\"font-size:13px;\">Reaktywacja hodowli !!!<\/span>\n\t\t\t\t\t\t\t  \n\t\t\t\t\t\t\t  \n\t\t\t\t\t\t\t  <\/a>\n\n\t\t\t\t\t\t  <\/div>\n\t\t\t\t\t\t  <div class=\"relatedthumb \" style=\"width:125px;float:left;overflow:hidden;\">  \n\t\t\t\t\t\t\t  \n\t\t\t\t\t\t\t  <a  href=\"https:\/\/hodowlaweglewski.pl\/n\/film-prezentujacy-moja-hodowle\/\"  >\n\t\t\t\t\t\t\t\t\t  <div class=\"yuzo-img-wrap \" style=\"width: 125px;height:90px;\">\n\t\t\t\t\t\t\t\t\t\t\n\t\t\t\t\t\t\t\t\t\t<div class=\"yuzo-img\" style=\"background:url('https:\/\/hodowlaweglewski.pl\/n\/wp-content\/uploads\/2017\/01\/rozp\u0142\u00f3d-150x150.jpg') 50% 50% no-repeat;width: 125px;height:90px;margin-bottom: 5px;background-size: cover; \"><\/div>\n\t\t\t\t\t\t\t\t\t  <\/div>\n\t\t\t\t\t\t\t\t\t  \n\t\t\t\t\t\t\t\t   <span class=\"yuzo__text--title\" style=\"font-size:13px;\">Film prezentuj\u0105cy moj\u0105 hodowl\u0119<\/span>\n\t\t\t\t\t\t\t  \n\t\t\t\t\t\t\t  \n\t\t\t\t\t\t\t  <\/a>\n\n\t\t\t\t\t\t  <\/div>\n\t\t\t\t\t\t  <div class=\"relatedthumb \" style=\"width:125px;float:left;overflow:hidden;\">  \n\t\t\t\t\t\t\t  \n\t\t\t\t\t\t\t  <a  href=\"https:\/\/hodowlaweglewski.pl\/n\/kanal-na-youtube\/\"  >\n\t\t\t\t\t\t\t\t\t  <div class=\"yuzo-img-wrap \" style=\"width: 125px;height:90px;\">\n\t\t\t\t\t\t\t\t\t\t\n\t\t\t\t\t\t\t\t\t\t<div class=\"yuzo-img\" style=\"background:url('https:\/\/hodowlaweglewski.pl\/n\/wp-content\/uploads\/2023\/02\/IMG_0686-150x150.png') 50% 50% no-repeat;width: 125px;height:90px;margin-bottom: 5px;background-size: cover; \"><\/div>\n\t\t\t\t\t\t\t\t\t  <\/div>\n\t\t\t\t\t\t\t\t\t  \n\t\t\t\t\t\t\t\t   <span class=\"yuzo__text--title\" style=\"font-size:13px;\">Kana\u0142 na YouTube<\/span>\n\t\t\t\t\t\t\t  \n\t\t\t\t\t\t\t  \n\t\t\t\t\t\t\t  <\/a>\n\n\t\t\t\t\t\t  <\/div>\n<\/div> <style>\n\t\t\t\t\t\t\t\t.yuzo_related_post img{width:120px !important; height:110px !important;}\n\t\t\t\t\t\t\t\t.yuzo_related_post .relatedthumb{line-height:15px;background: !important;color:!important;}\n\t\t\t\t\t\t\t\t.yuzo_related_post .relatedthumb:hover{background:#fcfcf4 !important; -webkit-transition: background 0.2s linear; -moz-transition: background 0.2s linear; -o-transition: background 0.2s linear; transition: background 0.2s linear;;color:!important;}\n\t\t\t\t\t\t\t\t.yuzo_related_post .relatedthumb a{color:!important;}\n\t\t\t\t\t\t\t\t.yuzo_related_post .relatedthumb a:hover{ color:}!important;}\n\t\t\t\t\t\t\t\t.yuzo_related_post .relatedthumb:hover a{ color:!important;}\n\t\t\t\t\t\t\t\t.yuzo_related_post .yuzo_text {color:!important;}\n\t\t\t\t\t\t\t\t.yuzo_related_post .relatedthumb:hover .yuzo_text {color:!important;}\n\t\t\t\t\t\t\t\t.yuzo_related_post .relatedthumb{  margin: 0px  0px  0px  0px;   padding: 5px  5px  5px  5px;  }\n\t\t\t\t\t\t\t\t\n\t\t\t\t\t\t\t\t<\/style> <script>\n\t\t\t\t\t\t  jQuery(document).ready(function( $ ){\n\t\t\t\t\t\t\t\/\/jQuery('.yuzo_related_post').equalizer({ overflow : 'relatedthumb' });\n\t\t\t\t\t\t\tjQuery('.yuzo_related_post .yuzo_wraps').equalizer({ columns : '> div' });\n\t\t\t\t\t\t   })\n\t\t\t\t\t\t  <\/script> <!-- End Yuzo :) -->","protected":false},"excerpt":{"rendered":"<p>OSI\u0104GNI\u0118CIA Najlepszy lotnik oddzia\u0142u Kat. M 17,66coef. &#8211; 2015r. Najlepszy lotnik okr\u0119gu \u0141\u00f3d\u017a Kat.H 42,61coef. &#8211; 2015r. I nagroda za&#46;&#46;&#46;<\/p>\n","protected":false},"author":2,"featured_media":0,"parent":0,"menu_order":0,"comment_status":"closed","ping_status":"closed","template":"","meta":{"ngg_post_thumbnail":0,"footnotes":""},"_links":{"self":[{"href":"https:\/\/hodowlaweglewski.pl\/n\/wp-json\/wp\/v2\/pages\/498"}],"collection":[{"href":"https:\/\/hodowlaweglewski.pl\/n\/wp-json\/wp\/v2\/pages"}],"about":[{"href":"https:\/\/hodowlaweglewski.pl\/n\/wp-json\/wp\/v2\/types\/page"}],"author":[{"embeddable":true,"href":"https:\/\/hodowlaweglewski.pl\/n\/wp-json\/wp\/v2\/users\/2"}],"replies":[{"embeddable":true,"href":"https:\/\/hodowlaweglewski.pl\/n\/wp-json\/wp\/v2\/comments?post=498"}],"version-history":[{"count":3,"href":"https:\/\/hodowlaweglewski.pl\/n\/wp-json\/wp\/v2\/pages\/498\/revisions"}],"predecessor-version":[{"id":619,"href":"https:\/\/hodowlaweglewski.pl\/n\/wp-json\/wp\/v2\/pages\/498\/revisions\/619"}],"wp:attachment":[{"href":"https:\/\/hodowlaweglewski.pl\/n\/wp-json\/wp\/v2\/media?parent=498"}],"curies":[{"name":"wp","href":"https:\/\/api.w.org\/{rel}","templated":true}]}}