{"id":496,"date":"2016-12-29T13:13:26","date_gmt":"2016-12-29T12:13:26","guid":{"rendered":"http:\/\/www.hodowlaweglewski.pl\/n\/?page_id=496"},"modified":"2017-07-27T23:11:15","modified_gmt":"2017-07-27T21:11:15","slug":"filmy","status":"publish","type":"page","link":"https:\/\/hodowlaweglewski.pl\/n\/filmy\/","title":{"rendered":"FILMY"},"content":{"rendered":"<ol>\n<li style=\"text-align: center;\">Wystawa okr\u0119gowa &#8211; Okr\u0119gu \u0141\u00f3d\u017a &#8211; 2016r.<\/li>\n<\/ol>\n<p style=\"text-align: center;\"><iframe loading=\"lazy\" src=\"\/\/www.youtube.com\/embed\/K8uYeQ90MF4\" allowfullscreen=\"allowfullscreen\" width=\"560\" height=\"314\"><\/iframe><\/p>\n<p style=\"text-align: center;\">2. Prezentacja hodowli<\/p>\n<p style=\"text-align: center;\"><iframe loading=\"lazy\" src=\"\/\/www.youtube.com\/embed\/DNhf3x3ojnY\" allowfullscreen=\"allowfullscreen\" width=\"560\" height=\"314\"><\/iframe><\/p>\n<p style=\"text-align: center;\">3. Przylot go\u0142\u0119bi z Helmstedt 1 &#8211; 560km &#8211; 5.06.2017r. (poniedzia\u0142ek)<\/p>\n<p style=\"text-align: center;\"><iframe loading=\"lazy\" src=\"\/\/www.youtube.com\/embed\/MGm88-P516k\" allowfullscreen=\"allowfullscreen\" width=\"560\" height=\"314\"><\/iframe><\/p>\n<p style=\"text-align: center;\">&nbsp;4. Motywacja przed lotem w ko\u0144c\u00f3wce sezonu<\/p>\n<div style=\"position: relative; height: 0px; padding-bottom: 56.25%; text-align: center;\"><iframe loading=\"lazy\" src=\"\/\/www.youtube.com\/embed\/4f3X8q1_mXk\" allowfullscreen=\"allowfullscreen\" width=\"560\" height=\"314\"><\/iframe><\/div>\n<div style=\"position: relative; height: 0px; padding-bottom: 56.25%; text-align: center;\">&nbsp;<\/div>\n<div style=\"position: relative; height: 0px; padding-bottom: 56.25%;\">&nbsp;<\/div>\n<div style=\"position: relative; height: 0px; padding-bottom: 56.25%; text-align: center;\">&nbsp;<\/div>\n<p>&nbsp;<\/p>\n<!-- Begin Yuzo --><div class='yuzo_related_post style-1'  data-version='5.12.70'><div class='yuzo_clearfixed yuzo__title yuzo__title'><h3>Related Post<\/h3><\/div>\n\t\t\t\t\t\t  <div class=\"relatedthumb \" style=\"width:125px;float:left;overflow:hidden;\">  \n\t\t\t\t\t\t\t  \n\t\t\t\t\t\t\t  <a  href=\"https:\/\/hodowlaweglewski.pl\/n\/reaktywacja-hodowli\/\"  >\n\t\t\t\t\t\t\t\t\t  <div class=\"yuzo-img-wrap \" style=\"width: 125px;height:90px;\">\n\t\t\t\t\t\t\t\t\t\t\n\t\t\t\t\t\t\t\t\t\t<div class=\"yuzo-img\" style=\"background:url('https:\/\/hodowlaweglewski.pl\/n\/wp-content\/uploads\/2023\/02\/IMG_0595-1-150x150.jpeg') 50% 50% no-repeat;width: 125px;height:90px;margin-bottom: 5px;background-size: cover; \"><\/div>\n\t\t\t\t\t\t\t\t\t  <\/div>\n\t\t\t\t\t\t\t\t\t  \n\t\t\t\t\t\t\t\t   <span class=\"yuzo__text--title\" style=\"font-size:13px;\">Reaktywacja hodowli !!!<\/span>\n\t\t\t\t\t\t\t  \n\t\t\t\t\t\t\t  \n\t\t\t\t\t\t\t  <\/a>\n\n\t\t\t\t\t\t  <\/div>\n\t\t\t\t\t\t  <div class=\"relatedthumb \" style=\"width:125px;float:left;overflow:hidden;\">  \n\t\t\t\t\t\t\t  \n\t\t\t\t\t\t\t  <a  href=\"https:\/\/hodowlaweglewski.pl\/n\/wpis-numer-2\/\"  >\n\t\t\t\t\t\t\t\t\t  <div class=\"yuzo-img-wrap \" style=\"width: 125px;height:90px;\">\n\t\t\t\t\t\t\t\t\t\t\n\t\t\t\t\t\t\t\t\t\t<div class=\"yuzo-img\" style=\"background:url('https:\/\/hodowlaweglewski.pl\/n\/wp-content\/uploads\/2017\/01\/kweglewski_1-150x150.jpg') 50% 50% no-repeat;width: 125px;height:90px;margin-bottom: 5px;background-size: cover; \"><\/div>\n\t\t\t\t\t\t\t\t\t  <\/div>\n\t\t\t\t\t\t\t\t\t  \n\t\t\t\t\t\t\t\t   <span class=\"yuzo__text--title\" style=\"font-size:13px;\">Zako\u0144czenie sezonu 2016<\/span>\n\t\t\t\t\t\t\t  \n\t\t\t\t\t\t\t  \n\t\t\t\t\t\t\t  <\/a>\n\n\t\t\t\t\t\t  <\/div>\n\t\t\t\t\t\t  <div class=\"relatedthumb \" style=\"width:125px;float:left;overflow:hidden;\">  \n\t\t\t\t\t\t\t  \n\t\t\t\t\t\t\t  <a  href=\"https:\/\/hodowlaweglewski.pl\/n\/kolejne-loty-nr-34-i-5\/\"  >\n\t\t\t\t\t\t\t\t\t  <div class=\"yuzo-img-wrap \" style=\"width: 125px;height:90px;\">\n\t\t\t\t\t\t\t\t\t\t\n\t\t\t\t\t\t\t\t\t\t<div class=\"yuzo-img\" style=\"background:url('http:\/\/www.hodowlaweglewski.pl\/n\/wp-content\/plugins\/yuzo-related-post\/assets\/images\/default.png') 50% 50% no-repeat;width: 125px;height:90px;margin-bottom: 5px;background-size: cover; \"><\/div>\n\t\t\t\t\t\t\t\t\t  <\/div>\n\t\t\t\t\t\t\t\t\t  \n\t\t\t\t\t\t\t\t   <span class=\"yuzo__text--title\" style=\"font-size:13px;\">Kolejne loty nr: 3,4 i 5.<\/span>\n\t\t\t\t\t\t\t  \n\t\t\t\t\t\t\t  \n\t\t\t\t\t\t\t  <\/a>\n\n\t\t\t\t\t\t  <\/div>\n\t\t\t\t\t\t  <div class=\"relatedthumb \" style=\"width:125px;float:left;overflow:hidden;\">  \n\t\t\t\t\t\t\t  \n\t\t\t\t\t\t\t  <a  href=\"https:\/\/hodowlaweglewski.pl\/n\/kolejne-info-z-lotow\/\"  >\n\t\t\t\t\t\t\t\t\t  <div class=\"yuzo-img-wrap \" style=\"width: 125px;height:90px;\">\n\t\t\t\t\t\t\t\t\t\t\n\t\t\t\t\t\t\t\t\t\t<div class=\"yuzo-img\" style=\"background:url('https:\/\/hodowlaweglewski.pl\/n\/wp-content\/uploads\/2016\/11\/cropped-imrs.php_-150x150.jpg') 50% 50% no-repeat;width: 125px;height:90px;margin-bottom: 5px;background-size: cover; \"><\/div>\n\t\t\t\t\t\t\t\t\t  <\/div>\n\t\t\t\t\t\t\t\t\t  \n\t\t\t\t\t\t\t\t   <span class=\"yuzo__text--title\" style=\"font-size:13px;\">Kolejne info z lot\u00f3w<\/span>\n\t\t\t\t\t\t\t  \n\t\t\t\t\t\t\t  \n\t\t\t\t\t\t\t  <\/a>\n\n\t\t\t\t\t\t  <\/div>\n<\/div> <style>\n\t\t\t\t\t\t\t\t.yuzo_related_post img{width:120px !important; height:110px !important;}\n\t\t\t\t\t\t\t\t.yuzo_related_post .relatedthumb{line-height:15px;background: !important;color:!important;}\n\t\t\t\t\t\t\t\t.yuzo_related_post .relatedthumb:hover{background:#fcfcf4 !important; -webkit-transition: background 0.2s linear; -moz-transition: background 0.2s linear; -o-transition: background 0.2s linear; transition: background 0.2s linear;;color:!important;}\n\t\t\t\t\t\t\t\t.yuzo_related_post .relatedthumb a{color:!important;}\n\t\t\t\t\t\t\t\t.yuzo_related_post .relatedthumb a:hover{ color:}!important;}\n\t\t\t\t\t\t\t\t.yuzo_related_post .relatedthumb:hover a{ color:!important;}\n\t\t\t\t\t\t\t\t.yuzo_related_post .yuzo_text {color:!important;}\n\t\t\t\t\t\t\t\t.yuzo_related_post .relatedthumb:hover .yuzo_text {color:!important;}\n\t\t\t\t\t\t\t\t.yuzo_related_post .relatedthumb{  margin: 0px  0px  0px  0px;   padding: 5px  5px  5px  5px;  }\n\t\t\t\t\t\t\t\t\n\t\t\t\t\t\t\t\t<\/style> <script>\n\t\t\t\t\t\t  jQuery(document).ready(function( $ ){\n\t\t\t\t\t\t\t\/\/jQuery('.yuzo_related_post').equalizer({ overflow : 'relatedthumb' });\n\t\t\t\t\t\t\tjQuery('.yuzo_related_post .yuzo_wraps').equalizer({ columns : '> div' });\n\t\t\t\t\t\t   })\n\t\t\t\t\t\t  <\/script> <!-- End Yuzo :) -->","protected":false},"excerpt":{"rendered":"<p>Wystawa okr\u0119gowa &#8211; Okr\u0119gu \u0141\u00f3d\u017a &#8211; 2016r. 2. Prezentacja hodowli 3. Przylot go\u0142\u0119bi z Helmstedt 1 &#8211; 560km &#8211; 5.06.2017r.&#46;&#46;&#46;<\/p>\n","protected":false},"author":2,"featured_media":0,"parent":0,"menu_order":0,"comment_status":"closed","ping_status":"closed","template":"","meta":{"ngg_post_thumbnail":0,"footnotes":""},"_links":{"self":[{"href":"https:\/\/hodowlaweglewski.pl\/n\/wp-json\/wp\/v2\/pages\/496"}],"collection":[{"href":"https:\/\/hodowlaweglewski.pl\/n\/wp-json\/wp\/v2\/pages"}],"about":[{"href":"https:\/\/hodowlaweglewski.pl\/n\/wp-json\/wp\/v2\/types\/page"}],"author":[{"embeddable":true,"href":"https:\/\/hodowlaweglewski.pl\/n\/wp-json\/wp\/v2\/users\/2"}],"replies":[{"embeddable":true,"href":"https:\/\/hodowlaweglewski.pl\/n\/wp-json\/wp\/v2\/comments?post=496"}],"version-history":[{"count":16,"href":"https:\/\/hodowlaweglewski.pl\/n\/wp-json\/wp\/v2\/pages\/496\/revisions"}],"predecessor-version":[{"id":859,"href":"https:\/\/hodowlaweglewski.pl\/n\/wp-json\/wp\/v2\/pages\/496\/revisions\/859"}],"wp:attachment":[{"href":"https:\/\/hodowlaweglewski.pl\/n\/wp-json\/wp\/v2\/media?parent=496"}],"curies":[{"name":"wp","href":"https:\/\/api.w.org\/{rel}","templated":true}]}}