{"id":490,"date":"2016-12-29T13:02:21","date_gmt":"2016-12-29T12:02:21","guid":{"rendered":"http:\/\/www.hodowlaweglewski.pl\/n\/?page_id=490"},"modified":"2016-12-29T13:05:04","modified_gmt":"2016-12-29T12:05:04","slug":"o-mnie","status":"publish","type":"page","link":"https:\/\/hodowlaweglewski.pl\/n\/o-mnie\/","title":{"rendered":"O MNIE"},"content":{"rendered":"<p><img loading=\"lazy\" decoding=\"async\" class=\"size-full wp-image-358 alignleft\" src=\"http:\/\/www.hodowlaweglewski.pl\/n\/wp-content\/uploads\/2016\/11\/clipimage002.jpg\" alt=\"clipimage002\" data-id=\"358\" width=\"308\" height=\"245\" srcset=\"https:\/\/hodowlaweglewski.pl\/n\/wp-content\/uploads\/2016\/11\/clipimage002.jpg 308w, https:\/\/hodowlaweglewski.pl\/n\/wp-content\/uploads\/2016\/11\/clipimage002-300x239.jpg 300w\" sizes=\"(max-width: 308px) 100vw, 308px\" \/><\/p>\n<div>\n<div><span style=\"font-size: large;\">Nazywam si\u0119 Krzysztof W\u0119glewski. Mieszkam w ma\u0142ej miejscowo\u015bci Kamostek po\u0142o\u017conej pomi\u0119dzy Zdu\u0144sk\u0105 Wol\u0105 a \u0141askiem w wojew\u00f3dztwie \u0142\u00f3dzkim. Do PZHGP oddzia\u0142 0227 Zdu\u0144ska Wola, okr\u0119g \u0141\u00f3d\u017a nale\u017c\u0119 od 1998 roku. Go\u0142\u0119biami natomiast zajmuj\u0119 si\u0119 ju\u017c prawie 30 lat. <\/span><span style=\"font-size: medium;\"><span style=\"font-size: large;\">Zwi\u0105zany z nimi jestem od dzieci\u0144stwa i towarzysz\u0105 mi nieprzerwanie do dnia dzisiejszego. Pierwsze kroki w PZHGP stawia\u0142em lotuj\u0105c jeszcze ze swojej rodzinnej miejscowo\u015bci Zdu\u0144skiej Woli w kt\u00f3rej si\u0119 urodzi\u0142em. Bazowa\u0142em w\u00f3wczas na go\u0142\u0119biach koleg\u00f3w i okolicznych hodowc\u00f3w. By\u0142 to okres kiedy uczy\u0142em si\u0119 \u201ego\u0142\u0119biarki\u201d. Jednocze\u015bnie studiowa\u0142em w \u0141odzi a potem na&nbsp;&nbsp;&nbsp; Politechnice Opolskiej, nie mog\u0142em sobie pozwoli\u0107 na systematyczne lotowanie a udzia\u0142 w lotach konkursowych traktowa\u0142em&nbsp; hobbystcznie.<\/span><\/span><br \/>\n<span style=\"font-size: medium;\"><span style=\"font-size: large;\">&nbsp; W 2002 roku sko\u0144czy\u0142em edukacj\u0119, obroni\u0142em prac\u0119 in\u017cyniersk\u0105, za\u0142o\u017cy\u0142em rodzin\u0119 i zmieni\u0142em miejsce&nbsp;&nbsp;&nbsp; zamieszkania. Na nowym miejscu pobudowa\u0142em dom i go\u0142\u0119bniki&#8230;&nbsp; Przyszed\u0142 czas, aby zaj\u0105\u0107 si\u0119 go\u0142\u0119biami profesjonalnie. Ju\u017c wtedy wiedzia\u0142em, \u017ce dobre wyniki <\/span><\/span><span style=\"font-size: medium;\"><span style=\"font-size: large;\">we wsp\u00f3\u0142zawodnictwie lotowym osi\u0105gn\u0105\u0107 mo\u017cna bazuj\u0105c jedynie na wybitnym materiale. Podj\u0105\u0142em decyzj\u0119 i\u017c w nowych go\u0142\u0119bnikach rozpoczn\u0119 prace hodowlan\u0105 z nowymi go\u0142\u0119biami. Up\u00f3r, konsekwencja w d\u0105\u017ceniu do celu i cierpliwo\u015b\u0107 sprawi\u0142y, \u017ce po kilkunastu latach cel ten zosta\u0142 osi\u0105gni\u0119ty, a wyhodowane w\u0142asne linie pozwalaj\u0105 osi\u0105ga\u0107 znacz\u0105ce sukcesy na r\u00f3\u017cnych szczeblach PZHGP. &nbsp;<br \/>\n<\/span><\/span><\/div>\n<\/div>\n<div>&nbsp;<\/div>\n<!-- Begin Yuzo --><div class='yuzo_related_post style-1'  data-version='5.12.70'><div class='yuzo_clearfixed yuzo__title yuzo__title'><h3>Related Post<\/h3><\/div>\n\t\t\t\t\t\t  <div class=\"relatedthumb \" style=\"width:125px;float:left;overflow:hidden;\">  \n\t\t\t\t\t\t\t  \n\t\t\t\t\t\t\t  <a  href=\"https:\/\/hodowlaweglewski.pl\/n\/podsumowanie-sezonu-2022\/\"  >\n\t\t\t\t\t\t\t\t\t  <div class=\"yuzo-img-wrap \" style=\"width: 125px;height:90px;\">\n\t\t\t\t\t\t\t\t\t\t\n\t\t\t\t\t\t\t\t\t\t<div class=\"yuzo-img\" style=\"background:url('https:\/\/hodowlaweglewski.pl\/n\/wp-content\/uploads\/2023\/02\/IMG_0685-150x150.jpeg') 50% 50% no-repeat;width: 125px;height:90px;margin-bottom: 5px;background-size: cover; \"><\/div>\n\t\t\t\t\t\t\t\t\t  <\/div>\n\t\t\t\t\t\t\t\t\t  \n\t\t\t\t\t\t\t\t   <span class=\"yuzo__text--title\" style=\"font-size:13px;\">Podsumowanie sezonu 2022<\/span>\n\t\t\t\t\t\t\t  \n\t\t\t\t\t\t\t  \n\t\t\t\t\t\t\t  <\/a>\n\n\t\t\t\t\t\t  <\/div>\n\t\t\t\t\t\t  <div class=\"relatedthumb \" style=\"width:125px;float:left;overflow:hidden;\">  \n\t\t\t\t\t\t\t  \n\t\t\t\t\t\t\t  <a  href=\"https:\/\/hodowlaweglewski.pl\/n\/film-z-przylotu-golebi-helmstedt-1-560km\/\"  >\n\t\t\t\t\t\t\t\t\t  <div class=\"yuzo-img-wrap \" style=\"width: 125px;height:90px;\">\n\t\t\t\t\t\t\t\t\t\t\n\t\t\t\t\t\t\t\t\t\t<div class=\"yuzo-img\" style=\"background:url('https:\/\/hodowlaweglewski.pl\/n\/wp-content\/uploads\/2016\/11\/2961-150x150.jpg') 50% 50% no-repeat;width: 125px;height:90px;margin-bottom: 5px;background-size: cover; \"><\/div>\n\t\t\t\t\t\t\t\t\t  <\/div>\n\t\t\t\t\t\t\t\t\t  \n\t\t\t\t\t\t\t\t   <span class=\"yuzo__text--title\" style=\"font-size:13px;\">Film z przylotu go\u0142\u0119bi Helmstedt 1 -560km<\/span>\n\t\t\t\t\t\t\t  \n\t\t\t\t\t\t\t  \n\t\t\t\t\t\t\t  <\/a>\n\n\t\t\t\t\t\t  <\/div>\n\t\t\t\t\t\t  <div class=\"relatedthumb \" style=\"width:125px;float:left;overflow:hidden;\">  \n\t\t\t\t\t\t\t  \n\t\t\t\t\t\t\t  <a  href=\"https:\/\/hodowlaweglewski.pl\/n\/prace-nad-strona\/\"  >\n\t\t\t\t\t\t\t\t\t  <div class=\"yuzo-img-wrap \" style=\"width: 125px;height:90px;\">\n\t\t\t\t\t\t\t\t\t\t\n\t\t\t\t\t\t\t\t\t\t<div class=\"yuzo-img\" style=\"background:url('http:\/\/www.hodowlaweglewski.pl\/n\/wp-content\/plugins\/yuzo-related-post\/assets\/images\/default.png') 50% 50% no-repeat;width: 125px;height:90px;margin-bottom: 5px;background-size: cover; \"><\/div>\n\t\t\t\t\t\t\t\t\t  <\/div>\n\t\t\t\t\t\t\t\t\t  \n\t\t\t\t\t\t\t\t   <span class=\"yuzo__text--title\" style=\"font-size:13px;\">Prace nad stron\u0105<\/span>\n\t\t\t\t\t\t\t  \n\t\t\t\t\t\t\t  \n\t\t\t\t\t\t\t  <\/a>\n\n\t\t\t\t\t\t  <\/div>\n\t\t\t\t\t\t  <div class=\"relatedthumb \" style=\"width:125px;float:left;overflow:hidden;\">  \n\t\t\t\t\t\t\t  \n\t\t\t\t\t\t\t  <a  href=\"https:\/\/hodowlaweglewski.pl\/n\/intermistrzostwo-2016\/\"  >\n\t\t\t\t\t\t\t\t\t  <div class=\"yuzo-img-wrap \" style=\"width: 125px;height:90px;\">\n\t\t\t\t\t\t\t\t\t\t\n\t\t\t\t\t\t\t\t\t\t<div class=\"yuzo-img\" style=\"background:url('https:\/\/hodowlaweglewski.pl\/n\/wp-content\/uploads\/2017\/01\/18-150x150.jpg') 50% 50% no-repeat;width: 125px;height:90px;margin-bottom: 5px;background-size: cover; \"><\/div>\n\t\t\t\t\t\t\t\t\t  <\/div>\n\t\t\t\t\t\t\t\t\t  \n\t\t\t\t\t\t\t\t   <span class=\"yuzo__text--title\" style=\"font-size:13px;\">Intermistrzostwo 2016<\/span>\n\t\t\t\t\t\t\t  \n\t\t\t\t\t\t\t  \n\t\t\t\t\t\t\t  <\/a>\n\n\t\t\t\t\t\t  <\/div>\n<\/div> <style>\n\t\t\t\t\t\t\t\t.yuzo_related_post img{width:120px !important; height:110px !important;}\n\t\t\t\t\t\t\t\t.yuzo_related_post .relatedthumb{line-height:15px;background: !important;color:!important;}\n\t\t\t\t\t\t\t\t.yuzo_related_post .relatedthumb:hover{background:#fcfcf4 !important; -webkit-transition: background 0.2s linear; -moz-transition: background 0.2s linear; -o-transition: background 0.2s linear; transition: background 0.2s linear;;color:!important;}\n\t\t\t\t\t\t\t\t.yuzo_related_post .relatedthumb a{color:!important;}\n\t\t\t\t\t\t\t\t.yuzo_related_post .relatedthumb a:hover{ color:}!important;}\n\t\t\t\t\t\t\t\t.yuzo_related_post .relatedthumb:hover a{ color:!important;}\n\t\t\t\t\t\t\t\t.yuzo_related_post .yuzo_text {color:!important;}\n\t\t\t\t\t\t\t\t.yuzo_related_post .relatedthumb:hover .yuzo_text {color:!important;}\n\t\t\t\t\t\t\t\t.yuzo_related_post .relatedthumb{  margin: 0px  0px  0px  0px;   padding: 5px  5px  5px  5px;  }\n\t\t\t\t\t\t\t\t\n\t\t\t\t\t\t\t\t<\/style> <script>\n\t\t\t\t\t\t  jQuery(document).ready(function( $ ){\n\t\t\t\t\t\t\t\/\/jQuery('.yuzo_related_post').equalizer({ overflow : 'relatedthumb' });\n\t\t\t\t\t\t\tjQuery('.yuzo_related_post .yuzo_wraps').equalizer({ columns : '> div' });\n\t\t\t\t\t\t   })\n\t\t\t\t\t\t  <\/script> <!-- End Yuzo :) -->","protected":false},"excerpt":{"rendered":"<p>Nazywam si\u0119 Krzysztof W\u0119glewski. Mieszkam w ma\u0142ej miejscowo\u015bci Kamostek po\u0142o\u017conej pomi\u0119dzy Zdu\u0144sk\u0105 Wol\u0105 a \u0141askiem w wojew\u00f3dztwie \u0142\u00f3dzkim. Do PZHGP&#46;&#46;&#46;<\/p>\n","protected":false},"author":2,"featured_media":0,"parent":0,"menu_order":0,"comment_status":"closed","ping_status":"closed","template":"","meta":{"ngg_post_thumbnail":0,"footnotes":""},"_links":{"self":[{"href":"https:\/\/hodowlaweglewski.pl\/n\/wp-json\/wp\/v2\/pages\/490"}],"collection":[{"href":"https:\/\/hodowlaweglewski.pl\/n\/wp-json\/wp\/v2\/pages"}],"about":[{"href":"https:\/\/hodowlaweglewski.pl\/n\/wp-json\/wp\/v2\/types\/page"}],"author":[{"embeddable":true,"href":"https:\/\/hodowlaweglewski.pl\/n\/wp-json\/wp\/v2\/users\/2"}],"replies":[{"embeddable":true,"href":"https:\/\/hodowlaweglewski.pl\/n\/wp-json\/wp\/v2\/comments?post=490"}],"version-history":[{"count":3,"href":"https:\/\/hodowlaweglewski.pl\/n\/wp-json\/wp\/v2\/pages\/490\/revisions"}],"predecessor-version":[{"id":493,"href":"https:\/\/hodowlaweglewski.pl\/n\/wp-json\/wp\/v2\/pages\/490\/revisions\/493"}],"wp:attachment":[{"href":"https:\/\/hodowlaweglewski.pl\/n\/wp-json\/wp\/v2\/media?parent=490"}],"curies":[{"name":"wp","href":"https:\/\/api.w.org\/{rel}","templated":true}]}}