{"id":20,"date":"2016-11-04T21:46:29","date_gmt":"2016-11-04T20:46:29","guid":{"rendered":"http:\/\/www.hodowlaweglewski.pl\/n\/?page_id=20"},"modified":"2017-01-14T13:07:06","modified_gmt":"2017-01-14T12:07:06","slug":"golebnik","status":"publish","type":"page","link":"https:\/\/hodowlaweglewski.pl\/n\/golebnik\/","title":{"rendered":"GO\u0141\u0118BNIK"},"content":{"rendered":"<div style=\"text-align: center;\">\n<div style=\"text-align: left;\"><!-- [if gte mso 9]><xml>\n<w:WordDocument>\n<w:View>Normal<\/w:View>\n<w:Zoom>0<\/w:Zoom>\n<w:HyphenationZone>21<\/w:HyphenationZone>\n<w:PunctuationKerning><\/w:PunctuationKerning>\n<w:ValidateAgainstSchemas><\/w:ValidateAgainstSchemas>\n<w:SaveIfXMLInvalid>false<\/w:SaveIfXMLInvalid>\n<w:IgnoreMixedContent>false<\/w:IgnoreMixedContent>\n<w:AlwaysShowPlaceholderText>false<\/w:AlwaysShowPlaceholderText>\n<w:Compatibility>\n<w:BreakWrappedTables><\/w:BreakWrappedTables>\n<w:SnapToGridInCell><\/w:SnapToGridInCell>\n<w:WrapTextWithPunct><\/w:WrapTextWithPunct>\n<w:UseAsianBreakRules><\/w:UseAsianBreakRules>\n<w:DontGrowAutofit><\/w:DontGrowAutofit>\n<\/w:Compatibility>\n<w:BrowserLevel>MicrosoftInternetExplorer4<\/w:BrowserLevel>\n<\/w:WordDocument>\n<\/xml><![endif]--><\/p>\n<p class=\"MsoNormal\" style=\"text-align: left;\"><span style=\"background-color: #ffffff;\"><span style=\"font-size: medium;\"><span style=\"font-family: Arial;\"><span style=\"font-weight: bold;\"><img loading=\"lazy\" decoding=\"async\" class=\"wp-image-378 alignleft\" src=\"http:\/\/hodowlaweglewski.pl\/n\/wp-content\/uploads\/2016\/11\/og\u00f3lny-widok-go\u0142\u0119bnika-1.jpg\" alt=\"\" data-id=\"378\" width=\"358\" height=\"197\" srcset=\"https:\/\/hodowlaweglewski.pl\/n\/wp-content\/uploads\/2016\/11\/og\u00f3lny-widok-go\u0142\u0119bnika-1.jpg 1275w, https:\/\/hodowlaweglewski.pl\/n\/wp-content\/uploads\/2016\/11\/og\u00f3lny-widok-go\u0142\u0119bnika-1-300x165.jpg 300w, https:\/\/hodowlaweglewski.pl\/n\/wp-content\/uploads\/2016\/11\/og\u00f3lny-widok-go\u0142\u0119bnika-1-768x422.jpg 768w, https:\/\/hodowlaweglewski.pl\/n\/wp-content\/uploads\/2016\/11\/og\u00f3lny-widok-go\u0142\u0119bnika-1-1024x563.jpg 1024w\" sizes=\"(max-width: 358px) 100vw, 358px\" \/>&#8211; Go\u0142\u0119bnik ma 15m d\u0142ugo\u015bci i sk\u0142ada si\u0119 z dw\u00f3ch kondygnacji.<br \/>\nNa pi\u0119trze znajduj\u0105 si\u0119 przedzia\u0142y lotowe dla wdowc\u00f3w i wd\u00f3w, oraz dla go\u0142\u0119bi<br \/>\nm\u0142odych. Na parterze znajduje si\u0119 przedzia\u0142 z wolier\u0105 dla go\u0142\u0119bi rozp\u0142odowych.<br \/>\n\u015aciany ocieplone s\u0105 styropianem, a pod dach\u00f3wk\u0105 jest podbitka zapobiegaj\u0105ca<br \/>\nnadmiernemu nagrzewaniu si\u0119 latem. Zastosowana jest wentylacja grawitacyjna<br \/>\npoprzez wloty okienne i uj\u015bcie zu\u017cytego powietrza kominami wentylacyjnymi i<br \/>\nkalenic\u0105.<\/span><\/span><\/span><\/span><\/p>\n<p class=\"MsoNormal\" style=\"text-align: justify;\">&nbsp;<span style=\"font-size: medium;\"><span style=\"font-family: Arial;\"><span style=\"font-weight: bold;\">&#8211; Przedzia\u0142 dla go\u0142\u0119bi m\u0142odych podzielony jest siatk\u0105 na dwie<br \/>\ncz\u0119\u015bci dla osobnych l\u0119g\u00f3w. W jednej znajduj\u0105 si\u0119 typowe rega\u0142y spoczynkowe<br \/>\nnatomiast w drugiej jest 20szt. mini cel l\u0119gowych kt\u00f3re s\u0142u\u017c\u0105 do motywacji <img loading=\"lazy\" decoding=\"async\" class=\"wp-image-602 alignright\" src=\"http:\/\/hodowlaweglewski.pl\/n\/wp-content\/uploads\/2017\/01\/przedzia\u0142-m\u0142odych.jpg\" alt=\"\" data-id=\"602\" width=\"319\" height=\"239\" srcset=\"https:\/\/hodowlaweglewski.pl\/n\/wp-content\/uploads\/2017\/01\/przedzia\u0142-m\u0142odych.jpg 1076w, https:\/\/hodowlaweglewski.pl\/n\/wp-content\/uploads\/2017\/01\/przedzia\u0142-m\u0142odych-300x225.jpg 300w, https:\/\/hodowlaweglewski.pl\/n\/wp-content\/uploads\/2017\/01\/przedzia\u0142-m\u0142odych-768x576.jpg 768w, https:\/\/hodowlaweglewski.pl\/n\/wp-content\/uploads\/2017\/01\/przedzia\u0142-m\u0142odych-1024x768.jpg 1024w\" sizes=\"(max-width: 319px) 100vw, 319px\" \/><br \/>\nnajstarszych m\u0142odych, jest to te\u017c przedzia\u0142 rezerwowy dla rocznych kt\u00f3re nie<br \/>\nzmie\u015bci\u0142y si\u0119 do przedzia\u0142\u00f3w lotowych. Ka\u017cdy przedzia\u0142 ma r\u00f3wnie\u017c oddzieln\u0105 woiler\u0119.Na ca\u0142ej cz\u0119\u015bci pod\u0142ogi znajduje si\u0119<br \/>\nruszt z tworzywa. Przedzia\u0142y s\u0105 bardzo nas\u0142onecznione poprzez dodatkowe okna w<br \/>\ndachu. Pod rega\u0142ami znajduj\u0105 si\u0119 tz. &#8222;\u0142apacze kurzu&#8221;.<\/span><\/span><\/span> &nbsp;&nbsp;&nbsp;&nbsp;&nbsp;&nbsp;&nbsp;&nbsp;&nbsp;&nbsp;&nbsp;&nbsp;&nbsp;&nbsp;&nbsp;&nbsp;&nbsp;&nbsp;&nbsp;&nbsp;&nbsp;&nbsp;&nbsp;&nbsp;&nbsp;&nbsp;&nbsp;&nbsp;&nbsp;&nbsp;&nbsp;&nbsp;&nbsp;&nbsp;&nbsp;&nbsp;&nbsp;&nbsp;&nbsp;&nbsp;&nbsp;&nbsp;&nbsp;&nbsp;&nbsp;&nbsp;&nbsp;&nbsp;&nbsp;&nbsp;&nbsp;<\/p>\n<p class=\"MsoNormal\" style=\"text-align: justify;\"><span style=\"font-size: medium;\"><span style=\"font-family: Arial;\"><span style=\"font-weight: bold;\">&#8211; Go\u0142\u0119bnik dla wdowc\u00f3w podzielony jest na dwa przedzia\u0142y<br \/>\n(16szt. 20szt.). Cele s\u0105 wykonane z drewna sosnowego, klasycznie \u0142amane, z<br \/>\nszuflad\u0105 na ruszcie. Pod\u0142oga z deski sosnowej na pi\u00f3ro-wpust i rusztem z drewna<br \/>\nli\u015bciastego. \u015aciany cz\u0119\u015bciowo a\u017curowe i z p\u0142yty OSB, od przodu<br \/>\nkorytarz.Wentylacja wylotu zu\u017cytego powietrza w suficie ok. 1m od cel l\u0119gowych<\/span>.<\/span><\/span><\/p>\n<p class=\"MsoNormal\" style=\"text-align: left;\"><img loading=\"lazy\" decoding=\"async\" class=\"alignnone wp-image-604\" src=\"http:\/\/hodowlaweglewski.pl\/n\/wp-content\/uploads\/2017\/01\/przedzia\u0142y-wdowc\u00f3w.jpg\" alt=\"\" data-id=\"604\" width=\"347\" height=\"260\" srcset=\"https:\/\/hodowlaweglewski.pl\/n\/wp-content\/uploads\/2017\/01\/przedzia\u0142y-wdowc\u00f3w.jpg 1076w, https:\/\/hodowlaweglewski.pl\/n\/wp-content\/uploads\/2017\/01\/przedzia\u0142y-wdowc\u00f3w-300x225.jpg 300w, https:\/\/hodowlaweglewski.pl\/n\/wp-content\/uploads\/2017\/01\/przedzia\u0142y-wdowc\u00f3w-768x576.jpg 768w, https:\/\/hodowlaweglewski.pl\/n\/wp-content\/uploads\/2017\/01\/przedzia\u0142y-wdowc\u00f3w-1024x768.jpg 1024w\" sizes=\"(max-width: 347px) 100vw, 347px\" \/>&nbsp; <img loading=\"lazy\" decoding=\"async\" class=\"alignnone wp-image-603\" src=\"http:\/\/hodowlaweglewski.pl\/n\/wp-content\/uploads\/2017\/01\/przedzia\u0142y-wdowc\u00f3w2.jpg\" alt=\"\" data-id=\"603\" width=\"347\" height=\"260\" srcset=\"https:\/\/hodowlaweglewski.pl\/n\/wp-content\/uploads\/2017\/01\/przedzia\u0142y-wdowc\u00f3w2.jpg 1296w, https:\/\/hodowlaweglewski.pl\/n\/wp-content\/uploads\/2017\/01\/przedzia\u0142y-wdowc\u00f3w2-300x225.jpg 300w, https:\/\/hodowlaweglewski.pl\/n\/wp-content\/uploads\/2017\/01\/przedzia\u0142y-wdowc\u00f3w2-768x576.jpg 768w, https:\/\/hodowlaweglewski.pl\/n\/wp-content\/uploads\/2017\/01\/przedzia\u0142y-wdowc\u00f3w2-1024x768.jpg 1024w\" sizes=\"(max-width: 347px) 100vw, 347px\" \/><\/p>\n<p class=\"MsoNormal\" style=\"text-align: center;\"><img loading=\"lazy\" decoding=\"async\" class=\"alignnone  wp-image-708\" src=\"http:\/\/hodowlaweglewski.pl\/n\/wp-content\/uploads\/2017\/01\/kweglewski_12.jpg\" alt=\"\" data-id=\"708\" width=\"644\" height=\"429\" srcset=\"https:\/\/hodowlaweglewski.pl\/n\/wp-content\/uploads\/2017\/01\/kweglewski_12.jpg 1200w, https:\/\/hodowlaweglewski.pl\/n\/wp-content\/uploads\/2017\/01\/kweglewski_12-300x200.jpg 300w, https:\/\/hodowlaweglewski.pl\/n\/wp-content\/uploads\/2017\/01\/kweglewski_12-768x512.jpg 768w, https:\/\/hodowlaweglewski.pl\/n\/wp-content\/uploads\/2017\/01\/kweglewski_12-1024x683.jpg 1024w\" sizes=\"(max-width: 644px) 100vw, 644px\" \/><\/p>\n<p class=\"MsoNormal\" style=\"text-align: left;\"><span style=\"font-size: medium;\"><span style=\"font-family: Arial;\"><span style=\"font-weight: bold;\">&#8211; Opr\u00f3cz przedzia\u0142u z woiler\u0105 dla go\u0142\u0119bi rozp\u0142odowych <img loading=\"lazy\" decoding=\"async\" class=\"wp-image-601 alignright\" src=\"http:\/\/hodowlaweglewski.pl\/n\/wp-content\/uploads\/2017\/01\/boksy.jpg\" alt=\"\" data-id=\"601\" width=\"285\" height=\"242\" srcset=\"https:\/\/hodowlaweglewski.pl\/n\/wp-content\/uploads\/2017\/01\/boksy.jpg 950w, https:\/\/hodowlaweglewski.pl\/n\/wp-content\/uploads\/2017\/01\/boksy-300x255.jpg 300w, https:\/\/hodowlaweglewski.pl\/n\/wp-content\/uploads\/2017\/01\/boksy-768x652.jpg 768w\" sizes=\"(max-width: 285px) 100vw, 285px\" \/><br \/>\nzbudowanych jest 5szt. boks\u00f3w rozp\u0142odowych dla indywidualnych par. Boksy<br \/>\npozwalaj\u0105 osi\u0105gn\u0105\u0107 100% pewno\u015bci co do pochodzenia m\u0142odzie\u017cy, poza tym boksy<br \/>\n\u015bwietnie si\u0119 sprawdzaj\u0105 przy przeparowywaniu go\u0142\u0119bi w trakcie sezonu.<\/span><\/span><\/span><\/p>\n<\/div>\n<p>&nbsp;<\/p>\n<\/div>\n<!-- Begin Yuzo --><div class='yuzo_related_post style-1'  data-version='5.12.70'><div class='yuzo_clearfixed yuzo__title yuzo__title'><h3>Related Post<\/h3><\/div>\n\t\t\t\t\t\t  <div class=\"relatedthumb \" style=\"width:125px;float:left;overflow:hidden;\">  \n\t\t\t\t\t\t\t  \n\t\t\t\t\t\t\t  <a  href=\"https:\/\/hodowlaweglewski.pl\/n\/udany-sezon-dla-fiony\/\"  >\n\t\t\t\t\t\t\t\t\t  <div class=\"yuzo-img-wrap \" style=\"width: 125px;height:90px;\">\n\t\t\t\t\t\t\t\t\t\t\n\t\t\t\t\t\t\t\t\t\t<div class=\"yuzo-img\" style=\"background:url('https:\/\/hodowlaweglewski.pl\/n\/wp-content\/uploads\/2017\/01\/1lotnikregionu-150x150.jpg') 50% 50% no-repeat;width: 125px;height:90px;margin-bottom: 5px;background-size: cover; \"><\/div>\n\t\t\t\t\t\t\t\t\t  <\/div>\n\t\t\t\t\t\t\t\t\t  \n\t\t\t\t\t\t\t\t   <span class=\"yuzo__text--title\" style=\"font-size:13px;\">Udany sezon dla 'Fiony\u2019<\/span>\n\t\t\t\t\t\t\t  \n\t\t\t\t\t\t\t  \n\t\t\t\t\t\t\t  <\/a>\n\n\t\t\t\t\t\t  <\/div>\n\t\t\t\t\t\t  <div class=\"relatedthumb \" style=\"width:125px;float:left;overflow:hidden;\">  \n\t\t\t\t\t\t\t  \n\t\t\t\t\t\t\t  <a  href=\"https:\/\/hodowlaweglewski.pl\/n\/film-prezentujacy-moja-hodowle\/\"  >\n\t\t\t\t\t\t\t\t\t  <div class=\"yuzo-img-wrap \" style=\"width: 125px;height:90px;\">\n\t\t\t\t\t\t\t\t\t\t\n\t\t\t\t\t\t\t\t\t\t<div class=\"yuzo-img\" style=\"background:url('https:\/\/hodowlaweglewski.pl\/n\/wp-content\/uploads\/2017\/01\/rozp\u0142\u00f3d-150x150.jpg') 50% 50% no-repeat;width: 125px;height:90px;margin-bottom: 5px;background-size: cover; \"><\/div>\n\t\t\t\t\t\t\t\t\t  <\/div>\n\t\t\t\t\t\t\t\t\t  \n\t\t\t\t\t\t\t\t   <span class=\"yuzo__text--title\" style=\"font-size:13px;\">Film prezentuj\u0105cy moj\u0105 hodowl\u0119<\/span>\n\t\t\t\t\t\t\t  \n\t\t\t\t\t\t\t  \n\t\t\t\t\t\t\t  <\/a>\n\n\t\t\t\t\t\t  <\/div>\n\t\t\t\t\t\t  <div class=\"relatedthumb \" style=\"width:125px;float:left;overflow:hidden;\">  \n\t\t\t\t\t\t\t  \n\t\t\t\t\t\t\t  <a  href=\"https:\/\/hodowlaweglewski.pl\/n\/wyniki-lotu-nr-14\/\"  >\n\t\t\t\t\t\t\t\t\t  <div class=\"yuzo-img-wrap \" style=\"width: 125px;height:90px;\">\n\t\t\t\t\t\t\t\t\t\t\n\t\t\t\t\t\t\t\t\t\t<div class=\"yuzo-img\" style=\"background:url('https:\/\/hodowlaweglewski.pl\/n\/wp-content\/uploads\/2016\/11\/Pigeon-60-150x150.jpg') 50% 50% no-repeat;width: 125px;height:90px;margin-bottom: 5px;background-size: cover; \"><\/div>\n\t\t\t\t\t\t\t\t\t  <\/div>\n\t\t\t\t\t\t\t\t\t  \n\t\t\t\t\t\t\t\t   <span class=\"yuzo__text--title\" style=\"font-size:13px;\">Wyniki lotu nr.14<\/span>\n\t\t\t\t\t\t\t  \n\t\t\t\t\t\t\t  \n\t\t\t\t\t\t\t  <\/a>\n\n\t\t\t\t\t\t  <\/div>\n\t\t\t\t\t\t  <div class=\"relatedthumb \" style=\"width:125px;float:left;overflow:hidden;\">  \n\t\t\t\t\t\t\t  \n\t\t\t\t\t\t\t  <a  href=\"https:\/\/hodowlaweglewski.pl\/n\/opis-lotu-nr-9-w-telegraficznym-skrocie\/\"  >\n\t\t\t\t\t\t\t\t\t  <div class=\"yuzo-img-wrap \" style=\"width: 125px;height:90px;\">\n\t\t\t\t\t\t\t\t\t\t\n\t\t\t\t\t\t\t\t\t\t<div class=\"yuzo-img\" style=\"background:url('http:\/\/www.hodowlaweglewski.pl\/n\/wp-content\/plugins\/yuzo-related-post\/assets\/images\/default.png') 50% 50% no-repeat;width: 125px;height:90px;margin-bottom: 5px;background-size: cover; \"><\/div>\n\t\t\t\t\t\t\t\t\t  <\/div>\n\t\t\t\t\t\t\t\t\t  \n\t\t\t\t\t\t\t\t   <span class=\"yuzo__text--title\" style=\"font-size:13px;\">Opis lotu nr. 9 w telegraficznym skr\u00f3cie \ud83d\ude09<\/span>\n\t\t\t\t\t\t\t  \n\t\t\t\t\t\t\t  \n\t\t\t\t\t\t\t  <\/a>\n\n\t\t\t\t\t\t  <\/div>\n<\/div> <style>\n\t\t\t\t\t\t\t\t.yuzo_related_post img{width:120px !important; height:110px !important;}\n\t\t\t\t\t\t\t\t.yuzo_related_post .relatedthumb{line-height:15px;background: !important;color:!important;}\n\t\t\t\t\t\t\t\t.yuzo_related_post .relatedthumb:hover{background:#fcfcf4 !important; -webkit-transition: background 0.2s linear; -moz-transition: background 0.2s linear; -o-transition: background 0.2s linear; transition: background 0.2s linear;;color:!important;}\n\t\t\t\t\t\t\t\t.yuzo_related_post .relatedthumb a{color:!important;}\n\t\t\t\t\t\t\t\t.yuzo_related_post .relatedthumb a:hover{ color:}!important;}\n\t\t\t\t\t\t\t\t.yuzo_related_post .relatedthumb:hover a{ color:!important;}\n\t\t\t\t\t\t\t\t.yuzo_related_post .yuzo_text {color:!important;}\n\t\t\t\t\t\t\t\t.yuzo_related_post .relatedthumb:hover .yuzo_text {color:!important;}\n\t\t\t\t\t\t\t\t.yuzo_related_post .relatedthumb{  margin: 0px  0px  0px  0px;   padding: 5px  5px  5px  5px;  }\n\t\t\t\t\t\t\t\t\n\t\t\t\t\t\t\t\t<\/style> <script>\n\t\t\t\t\t\t  jQuery(document).ready(function( $ ){\n\t\t\t\t\t\t\t\/\/jQuery('.yuzo_related_post').equalizer({ overflow : 'relatedthumb' });\n\t\t\t\t\t\t\tjQuery('.yuzo_related_post .yuzo_wraps').equalizer({ columns : '> div' });\n\t\t\t\t\t\t   })\n\t\t\t\t\t\t  <\/script> <!-- End Yuzo :) -->","protected":false},"excerpt":{"rendered":"<p>&#8211; Go\u0142\u0119bnik ma 15m d\u0142ugo\u015bci i sk\u0142ada si\u0119 z dw\u00f3ch kondygnacji. Na pi\u0119trze znajduj\u0105 si\u0119 przedzia\u0142y lotowe dla wdowc\u00f3w i&#46;&#46;&#46;<\/p>\n","protected":false},"author":2,"featured_media":0,"parent":0,"menu_order":0,"comment_status":"closed","ping_status":"closed","template":"","meta":{"ngg_post_thumbnail":0,"footnotes":""},"_links":{"self":[{"href":"https:\/\/hodowlaweglewski.pl\/n\/wp-json\/wp\/v2\/pages\/20"}],"collection":[{"href":"https:\/\/hodowlaweglewski.pl\/n\/wp-json\/wp\/v2\/pages"}],"about":[{"href":"https:\/\/hodowlaweglewski.pl\/n\/wp-json\/wp\/v2\/types\/page"}],"author":[{"embeddable":true,"href":"https:\/\/hodowlaweglewski.pl\/n\/wp-json\/wp\/v2\/users\/2"}],"replies":[{"embeddable":true,"href":"https:\/\/hodowlaweglewski.pl\/n\/wp-json\/wp\/v2\/comments?post=20"}],"version-history":[{"count":8,"href":"https:\/\/hodowlaweglewski.pl\/n\/wp-json\/wp\/v2\/pages\/20\/revisions"}],"predecessor-version":[{"id":737,"href":"https:\/\/hodowlaweglewski.pl\/n\/wp-json\/wp\/v2\/pages\/20\/revisions\/737"}],"wp:attachment":[{"href":"https:\/\/hodowlaweglewski.pl\/n\/wp-json\/wp\/v2\/media?parent=20"}],"curies":[{"name":"wp","href":"https:\/\/api.w.org\/{rel}","templated":true}]}}